{"id":6,"date":"2013-06-22T15:39:14","date_gmt":"2013-06-22T13:39:14","guid":{"rendered":"http:\/\/stiftung-schiefertafel.de\/?page_id=6"},"modified":"2026-03-15T13:16:09","modified_gmt":"2026-03-15T11:16:09","slug":"impressum","status":"publish","type":"page","link":"https:\/\/stiftung-schiefertafel.de\/?page_id=6","title":{"rendered":"Impressum"},"content":{"rendered":"\t\t<div data-elementor-type=\"wp-page\" data-elementor-id=\"6\" class=\"elementor elementor-6\">\n\t\t\t\t\t\t\t\t\t<section class=\"elementor-section elementor-top-section elementor-element elementor-element-fb7bc40 elementor-section-boxed elementor-section-height-default elementor-section-height-default\" data-id=\"fb7bc40\" data-element_type=\"section\">\n\t\t\t\t\t\t<div class=\"elementor-container elementor-column-gap-default\">\n\t\t\t\t\t<div class=\"elementor-column elementor-col-100 elementor-top-column elementor-element elementor-element-3c73fe3\" data-id=\"3c73fe3\" data-element_type=\"column\">\n\t\t\t<div class=\"elementor-widget-wrap elementor-element-populated\">\n\t\t\t\t\t\t\t\t<div class=\"elementor-element elementor-element-618f629 elementor-widget elementor-widget-text-editor\" data-id=\"618f629\" data-element_type=\"widget\" data-widget_type=\"text-editor.default\">\n\t\t\t\t<div class=\"elementor-widget-container\">\n\t\t\t<style>\/*! elementor - v3.17.0 - 08-11-2023 *\/\n.elementor-widget-text-editor.elementor-drop-cap-view-stacked .elementor-drop-cap{background-color:#69727d;color:#fff}.elementor-widget-text-editor.elementor-drop-cap-view-framed .elementor-drop-cap{color:#69727d;border:3px solid;background-color:transparent}.elementor-widget-text-editor:not(.elementor-drop-cap-view-default) .elementor-drop-cap{margin-top:8px}.elementor-widget-text-editor:not(.elementor-drop-cap-view-default) .elementor-drop-cap-letter{width:1em;height:1em}.elementor-widget-text-editor .elementor-drop-cap{float:left;text-align:center;line-height:1;font-size:50px}.elementor-widget-text-editor .elementor-drop-cap-letter{display:inline-block}<\/style>\t\t\t\t<p style=\"font-weight: 400;\"><span style=\"color: #000000;\">Die Stiftung Schiefertafel \u2013 Elvira und Dr. Karl-Friedrich Rausch Stiftung \u2013 ist eine Stiftung des b\u00fcrgerlichen Rechts mit\u00a0Sitz in 64331 Weiterstadt.<\/span><\/p><p style=\"font-weight: 400;\"><span style=\"color: #000000;\">Die Stiftung ist vom Finanzamt Darmstadt mit Bescheid vom 19.02.2013 als unmittelbar steuerbeg\u00fcnstigte gemeinn\u00fctzige und mildt\u00e4tige Stiftung vorl\u00e4ufig anerkannt.<\/span><\/p><p style=\"font-weight: 400;\"><span style=\"color: #000000;\">Dem Vorstand geh\u00f6ren folgende Personen an: Elvira Rausch, Dr. Karl-Friedrich Rausch, Kerstin Lena Bauer, Anne Julia Rausch-Arntzen, Ingeborg Lindner, Nils Bauer und Jens Arntzen.<\/span><\/p><p>\u00a0<\/p><p style=\"font-weight: 400;\">Verantwortlich f\u00fcr den Inhalt:<\/p><p style=\"font-weight: 400;\">Stiftung Schiefertafel \u2013 Elvira und Dr. Karl-Friedrich Rausch Stiftung<\/p><p style=\"font-weight: 400;\">Schlossgartenstra\u00dfe 8<\/p>\t\t\t\t\t\t<\/div>\n\t\t\t\t<\/div>\n\t\t\t\t\t<\/div>\n\t\t<\/div>\n\t\t\t\t\t\t\t<\/div>\n\t\t<\/section>\n\t\t\t\t\t\t\t<\/div>\n\t\t","protected":false},"excerpt":{"rendered":"<p>Die Stiftung Schiefertafel \u2013 Elvira und Dr. Karl-Friedrich Rausch Stiftung \u2013 ist eine Stiftung des b\u00fcrgerlichen Rechts mit\u00a0Sitz in 64331 Weiterstadt. Die Stiftung ist vom Finanzamt Darmstadt mit Bescheid vom 19.02.2013 als unmittelbar steuerbeg\u00fcnstigte gemeinn\u00fctzige und mildt\u00e4tige Stiftung vorl\u00e4ufig anerkannt. Dem Vorstand geh\u00f6ren folgende Personen an: Elvira Rausch, Dr. Karl-Friedrich Rausch, Kerstin Lena Bauer, Anne [&hellip;]<\/p>\n","protected":false},"author":1,"featured_media":0,"parent":0,"menu_order":0,"comment_status":"closed","ping_status":"closed","template":"","meta":{"footnotes":""},"_links":{"self":[{"href":"https:\/\/stiftung-schiefertafel.de\/index.php?rest_route=\/wp\/v2\/pages\/6"}],"collection":[{"href":"https:\/\/stiftung-schiefertafel.de\/index.php?rest_route=\/wp\/v2\/pages"}],"about":[{"href":"https:\/\/stiftung-schiefertafel.de\/index.php?rest_route=\/wp\/v2\/types\/page"}],"author":[{"embeddable":true,"href":"https:\/\/stiftung-schiefertafel.de\/index.php?rest_route=\/wp\/v2\/users\/1"}],"replies":[{"embeddable":true,"href":"https:\/\/stiftung-schiefertafel.de\/index.php?rest_route=%2Fwp%2Fv2%2Fcomments&post=6"}],"version-history":[{"count":94,"href":"https:\/\/stiftung-schiefertafel.de\/index.php?rest_route=\/wp\/v2\/pages\/6\/revisions"}],"predecessor-version":[{"id":810,"href":"https:\/\/stiftung-schiefertafel.de\/index.php?rest_route=\/wp\/v2\/pages\/6\/revisions\/810"}],"wp:attachment":[{"href":"https:\/\/stiftung-schiefertafel.de\/index.php?rest_route=%2Fwp%2Fv2%2Fmedia&parent=6"}],"curies":[{"name":"wp","href":"https:\/\/api.w.org\/{rel}","templated":true}]}}